{"id":406,"date":"2026-02-02T00:58:15","date_gmt":"2026-02-02T03:58:15","guid":{"rendered":"https:\/\/oncomasaje.com\/?page_id=406"},"modified":"2026-02-02T13:55:00","modified_gmt":"2026-02-02T16:55:00","slug":"videos-curso","status":"publish","type":"page","link":"https:\/\/oncomasaje.com\/?page_id=406","title":{"rendered":"Videos Curso"},"content":{"rendered":"\n<div class=\"wp-block-group alignfull has-surface-background-color has-background has-global-padding is-layout-constrained wp-block-group-is-layout-constrained\" style=\"margin-top:0;margin-bottom:0;padding-top:var(--wp--preset--spacing--xx-large);padding-bottom:var(--wp--preset--spacing--xx-large)\">\n<h2 class=\"wp-block-heading has-text-align-center\" id=\"experiencias\"> <mark style=\"background-color:rgba(0, 0, 0, 0)\" class=\"has-inline-color has-primary-color\">T\u00e9cnicas<\/mark><\/h2>\n\n\n\n<div class=\"wp-block-columns is-layout-flex wp-container-core-columns-is-layout-412a87a7 wp-block-columns-is-layout-flex\" style=\"margin-top:var(--wp--preset--spacing--large);padding-right:0;padding-left:0\">\n<div class=\"wp-block-column is-layout-flow wp-block-column-is-layout-flow\" style=\"padding-right:var(--wp--preset--spacing--x-small);padding-left:var(--wp--preset--spacing--x-small)\">\n<div class=\"wp-block-columns has-background-background-color has-background is-layout-flex wp-container-core-columns-is-layout-cf5e99a5 wp-block-columns-is-layout-flex\" style=\"border-radius:5px;padding-top:var(--wp--preset--spacing--x-large);padding-right:var(--wp--preset--spacing--medium);padding-bottom:var(--wp--preset--spacing--x-large);padding-left:var(--wp--preset--spacing--medium)\">\n<div class=\"wp-block-column is-vertically-aligned-center is-layout-flow wp-block-column-is-layout-flow\" style=\"flex-basis:32%\">\n<div class=\"login-video\">\n  <p>Acceso privado<\/p>\n  <input type=\"password\" class=\"pass-input\" placeholder=\"Contrase\u00f1a\">\n  <button class=\"btn-pass\">Entrar<\/button>\n<\/div>\n\n<div class=\"video-zone\" style=\"display:none;\">\n  <h3>Video privado<\/h3>\n  <video controls width=\"100%\">\n    <source src=\"https:\/\/oncomasaje.com\/wp-content\/uploads\/2026\/02\/LocionadoPiernas-1.mp4\" type=\"video\/mp4\">\n  <\/video>\n<\/div>\n\n<script>\ndocument.addEventListener(\"DOMContentLoaded\", function () {\n  document.querySelectorAll(\".btn-pass\").forEach(function (btn) {\n    btn.addEventListener(\"click\", function () {\n      const wrapper = this.closest(\".login-video\");\n      const input = wrapper.querySelector(\".pass-input\").value;\n      const videoZone = wrapper.nextElementSibling;\n      const correct = \"Lucero26\";\n\n      if (input === correct) {\n        wrapper.style.display = \"none\";\n        videoZone.style.display = \"block\";\n      } else {\n        alert(\"Contrase\u00f1a incorrecta\");\n      }\n    });\n  });\n});\n<\/script>\n\n<\/div>\n\n\n\n<div class=\"wp-block-column is-vertically-aligned-center is-layout-flow wp-container-core-column-is-layout-224f25fd wp-block-column-is-layout-flow\" style=\"padding-left:var(--wp--preset--spacing--x-small);flex-basis:68%\">\n<p class=\"has-text-align-center\"><strong><mark style=\"background-color:rgba(0, 0, 0, 0)\" class=\"has-inline-color has-primary-color\">Locionado piernas<\/mark><\/strong><\/p>\n<\/div>\n<\/div>\n\n\n\n<div class=\"wp-block-columns has-background-background-color has-background is-layout-flex wp-container-core-columns-is-layout-cf5e99a5 wp-block-columns-is-layout-flex\" style=\"border-radius:5px;padding-top:var(--wp--preset--spacing--x-large);padding-right:var(--wp--preset--spacing--medium);padding-bottom:var(--wp--preset--spacing--x-large);padding-left:var(--wp--preset--spacing--medium)\">\n<div class=\"wp-block-column is-vertically-aligned-center is-layout-flow wp-block-column-is-layout-flow\" style=\"flex-basis:32%\">\n<div class=\"login-video\">\n  <p>Acceso privado<\/p>\n  <input type=\"password\" class=\"pass-input\" placeholder=\"Contrase\u00f1a\">\n  <button class=\"btn-pass\">Entrar<\/button>\n<\/div>\n\n<div class=\"video-zone\" style=\"display:none;\">\n  <h3>Video privado<\/h3>\n  <video controls width=\"100%\">\n    <source src=\"https:\/\/oncomasaje.com\/wp-content\/uploads\/2026\/02\/ApoyoMedulaOseaProno-1.mp4\" type=\"video\/mp4\">\n  <\/video>\n<\/div>\n\n<script>\ndocument.addEventListener(\"DOMContentLoaded\", function () {\n  document.querySelectorAll(\".btn-pass\").forEach(function (btn) {\n    btn.addEventListener(\"click\", function () {\n      const wrapper = this.closest(\".login-video\");\n      const input = wrapper.querySelector(\".pass-input\").value;\n      const videoZone = wrapper.nextElementSibling;\n      const correct = \"Lucero26\";\n\n      if (input === correct) {\n        wrapper.style.display = \"none\";\n        videoZone.style.display = \"block\";\n      } else {\n        alert(\"Contrase\u00f1a incorrecta\");\n      }\n    });\n  });\n});\n<\/script>\n\n<\/div>\n\n\n\n<div class=\"wp-block-column is-vertically-aligned-center is-layout-flow wp-container-core-column-is-layout-224f25fd wp-block-column-is-layout-flow\" style=\"padding-left:var(--wp--preset--spacing--x-small);flex-basis:68%\">\n<p class=\"has-text-align-center\"><strong><mark style=\"background-color:rgba(0, 0, 0, 0)\" class=\"has-inline-color has-primary-color\">Apoyo de medula \u00f3sea prono<\/mark><\/strong><\/p>\n<\/div>\n<\/div>\n\n\n\n<div class=\"wp-block-columns has-background-background-color has-background is-layout-flex wp-container-core-columns-is-layout-cf5e99a5 wp-block-columns-is-layout-flex\" style=\"border-radius:5px;padding-top:var(--wp--preset--spacing--x-large);padding-right:var(--wp--preset--spacing--medium);padding-bottom:var(--wp--preset--spacing--x-large);padding-left:var(--wp--preset--spacing--medium)\">\n<div class=\"wp-block-column is-vertically-aligned-center is-layout-flow wp-block-column-is-layout-flow\" style=\"flex-basis:32%\">\n<div class=\"login-video\">\n  <p>Acceso privado<\/p>\n  <input type=\"password\" class=\"pass-input\" placeholder=\"Contrase\u00f1a\">\n  <button class=\"btn-pass\">Entrar<\/button>\n<\/div>\n\n<div class=\"video-zone\" style=\"display:none;\">\n  <h3>Video privado<\/h3>\n  <video controls width=\"100%\">\n    <source src=\"https:\/\/oncomasaje.com\/wp-content\/uploads\/2026\/02\/TecnicaBrazos-1.mp4\" type=\"video\/mp4\">\n  <\/video>\n<\/div>\n\n<script>\ndocument.addEventListener(\"DOMContentLoaded\", function () {\n  document.querySelectorAll(\".btn-pass\").forEach(function (btn) {\n    btn.addEventListener(\"click\", function () {\n      const wrapper = this.closest(\".login-video\");\n      const input = wrapper.querySelector(\".pass-input\").value;\n      const videoZone = wrapper.nextElementSibling;\n      const correct = \"Lucero26\";\n\n      if (input === correct) {\n        wrapper.style.display = \"none\";\n        videoZone.style.display = \"block\";\n      } else {\n        alert(\"Contrase\u00f1a incorrecta\");\n      }\n    });\n  });\n});\n<\/script>\n\n<\/div>\n\n\n\n<div class=\"wp-block-column is-vertically-aligned-center is-layout-flow wp-container-core-column-is-layout-224f25fd wp-block-column-is-layout-flow\" style=\"padding-left:var(--wp--preset--spacing--x-small);flex-basis:68%\">\n<p class=\"has-text-align-center\"><strong><mark style=\"background-color:rgba(0, 0, 0, 0)\" class=\"has-inline-color has-primary-color\">T\u00e9cnica brazos<\/mark><\/strong><\/p>\n<\/div>\n<\/div>\n\n\n\n<div class=\"wp-block-columns are-vertically-aligned-center has-background-background-color has-background is-layout-flex wp-container-core-columns-is-layout-cf5e99a5 wp-block-columns-is-layout-flex\" style=\"border-radius:5px;padding-top:var(--wp--preset--spacing--x-large);padding-right:var(--wp--preset--spacing--medium);padding-bottom:var(--wp--preset--spacing--x-large);padding-left:var(--wp--preset--spacing--medium)\">\n<div class=\"wp-block-column is-vertically-aligned-center is-layout-flow wp-block-column-is-layout-flow\" style=\"flex-basis:32%\">\n<div class=\"login-video\">\n  <p>Acceso privado<\/p>\n  <input type=\"password\" class=\"pass-input\" placeholder=\"Contrase\u00f1a\">\n  <button class=\"btn-pass\">Entrar<\/button>\n<\/div>\n\n<div class=\"video-zone\" style=\"display:none;\">\n  <h3>Video privado<\/h3>\n  <video controls width=\"100%\">\n    <source src=\"https:\/\/oncomasaje.com\/wp-content\/uploads\/2026\/02\/TecnicaMediaEspalda-1.mp4\" type=\"video\/mp4\">\n  <\/video>\n<\/div>\n\n<script>\ndocument.addEventListener(\"DOMContentLoaded\", function () {\n  document.querySelectorAll(\".btn-pass\").forEach(function (btn) {\n    btn.addEventListener(\"click\", function () {\n      const wrapper = this.closest(\".login-video\");\n      const input = wrapper.querySelector(\".pass-input\").value;\n      const videoZone = wrapper.nextElementSibling;\n      const correct = \"Lucero26\";\n\n      if (input === correct) {\n        wrapper.style.display = \"none\";\n        videoZone.style.display = \"block\";\n      } else {\n        alert(\"Contrase\u00f1a incorrecta\");\n      }\n    });\n  });\n});\n<\/script>\n\n<\/div>\n\n\n\n<div class=\"wp-block-column is-vertically-aligned-center is-layout-flow wp-container-core-column-is-layout-224f25fd wp-block-column-is-layout-flow\" style=\"padding-left:var(--wp--preset--spacing--x-small);flex-basis:68%\">\n<p class=\"has-text-align-center\"><strong><mark style=\"background-color:rgba(0, 0, 0, 0)\" class=\"has-inline-color has-primary-color\">T\u00e9cnica media espalda<\/mark><\/strong><\/p>\n<\/div>\n<\/div>\n<\/div>\n\n\n\n<div class=\"wp-block-column is-layout-flow wp-block-column-is-layout-flow\" style=\"padding-right:var(--wp--preset--spacing--x-small);padding-left:var(--wp--preset--spacing--x-small)\">\n<div class=\"wp-block-columns has-background-background-color has-background is-layout-flex wp-container-core-columns-is-layout-cf5e99a5 wp-block-columns-is-layout-flex\" style=\"border-radius:5px;padding-top:var(--wp--preset--spacing--x-large);padding-right:var(--wp--preset--spacing--medium);padding-bottom:var(--wp--preset--spacing--x-large);padding-left:var(--wp--preset--spacing--medium)\">\n<div class=\"wp-block-column is-vertically-aligned-center is-layout-flow wp-block-column-is-layout-flow\" style=\"flex-basis:32%\">\n<div class=\"login-video\">\n  <p>Acceso privado<\/p>\n  <input type=\"password\" class=\"pass-input\" placeholder=\"Contrase\u00f1a\">\n  <button class=\"btn-pass\">Entrar<\/button>\n<\/div>\n\n<div class=\"video-zone\" style=\"display:none;\">\n  <h3>Video privado<\/h3>\n  <video controls width=\"100%\">\n    <source src=\"https:\/\/oncomasaje.com\/wp-content\/uploads\/2026\/02\/Tecnica1Piernas-3.mp4\" type=\"video\/mp4\">\n  <\/video>\n<\/div>\n\n<script>\ndocument.addEventListener(\"DOMContentLoaded\", function () {\n  document.querySelectorAll(\".btn-pass\").forEach(function (btn) {\n    btn.addEventListener(\"click\", function () {\n      const wrapper = this.closest(\".login-video\");\n      const input = wrapper.querySelector(\".pass-input\").value;\n      const videoZone = wrapper.nextElementSibling;\n      const correct = \"Lucero26\";\n\n      if (input === correct) {\n        wrapper.style.display = \"none\";\n        videoZone.style.display = \"block\";\n      } else {\n        alert(\"Contrase\u00f1a incorrecta\");\n      }\n    });\n  });\n});\n<\/script>\n\n<\/div>\n\n\n\n<div class=\"wp-block-column is-vertically-aligned-center is-layout-flow wp-container-core-column-is-layout-224f25fd wp-block-column-is-layout-flow\" style=\"padding-left:var(--wp--preset--spacing--x-small);flex-basis:68%\">\n<h5 class=\"wp-block-heading has-text-align-center\"><strong><mark style=\"background-color:rgba(0, 0, 0, 0)\" class=\"has-inline-color has-primary-color\">T\u00e9cnica 1 piernas<\/mark><\/strong><\/h5>\n<\/div>\n<\/div>\n\n\n\n<div class=\"wp-block-columns has-background-background-color has-background is-layout-flex wp-container-core-columns-is-layout-cf5e99a5 wp-block-columns-is-layout-flex\" style=\"border-radius:5px;padding-top:var(--wp--preset--spacing--x-large);padding-right:var(--wp--preset--spacing--medium);padding-bottom:var(--wp--preset--spacing--x-large);padding-left:var(--wp--preset--spacing--medium)\">\n<div class=\"wp-block-column is-vertically-aligned-center is-layout-flow wp-block-column-is-layout-flow\" style=\"flex-basis:32%\">\n<div class=\"wp-block-group has-global-padding is-layout-constrained wp-block-group-is-layout-constrained\">\n<div class=\"wp-block-columns is-layout-flex wp-container-core-columns-is-layout-28f84493 wp-block-columns-is-layout-flex\">\n<div class=\"wp-block-column is-layout-flow wp-block-column-is-layout-flow\" style=\"flex-basis:100%\">\n<div class=\"login-video\">\n  <p>Acceso privado<\/p>\n  <input type=\"password\" class=\"pass-input\" placeholder=\"Contrase\u00f1a\">\n  <button class=\"btn-pass\">Entrar<\/button>\n<\/div>\n\n<div class=\"video-zone\" style=\"display:none;\">\n  <h3>Video privado<\/h3>\n  <video controls width=\"100%\">\n    <source src=\"https:\/\/oncomasaje.com\/wp-content\/uploads\/2026\/02\/Tecnica2Piernas-1.mp4\" type=\"video\/mp4\">\n  <\/video>\n<\/div>\n\n<script>\ndocument.addEventListener(\"DOMContentLoaded\", function () {\n  document.querySelectorAll(\".btn-pass\").forEach(function (btn) {\n    btn.addEventListener(\"click\", function () {\n      const wrapper = this.closest(\".login-video\");\n      const input = wrapper.querySelector(\".pass-input\").value;\n      const videoZone = wrapper.nextElementSibling;\n      const correct = \"Lucero26\";\n\n      if (input === correct) {\n        wrapper.style.display = \"none\";\n        videoZone.style.display = \"block\";\n      } else {\n        alert(\"Contrase\u00f1a incorrecta\");\n      }\n    });\n  });\n});\n<\/script>\n\n<\/div>\n<\/div>\n<\/div>\n<\/div>\n\n\n\n<div class=\"wp-block-column is-vertically-aligned-center is-layout-flow wp-container-core-column-is-layout-224f25fd wp-block-column-is-layout-flow\" style=\"padding-left:var(--wp--preset--spacing--x-small);flex-basis:68%\">\n<p class=\"has-text-align-center\"><strong><mark style=\"background-color:rgba(0, 0, 0, 0)\" class=\"has-inline-color has-primary-color\">T\u00e9cnica 2 piernas<\/mark><\/strong><\/p>\n<\/div>\n<\/div>\n\n\n\n<div class=\"wp-block-columns has-background-background-color has-background is-layout-flex wp-container-core-columns-is-layout-cf5e99a5 wp-block-columns-is-layout-flex\" style=\"border-radius:5px;padding-top:var(--wp--preset--spacing--x-large);padding-right:var(--wp--preset--spacing--medium);padding-bottom:var(--wp--preset--spacing--x-large);padding-left:var(--wp--preset--spacing--medium)\">\n<div class=\"wp-block-column is-vertically-aligned-center is-layout-flow wp-block-column-is-layout-flow\" style=\"flex-basis:32%\">\n<div class=\"login-video\">\n  <p>Acceso privado<\/p>\n  <input type=\"password\" class=\"pass-input\" placeholder=\"Contrase\u00f1a\">\n  <button class=\"btn-pass\">Entrar<\/button>\n<\/div>\n\n<div class=\"video-zone\" style=\"display:none;\">\n  <h3>Video privado<\/h3>\n  <video controls width=\"100%\">\n    <source src=\"https:\/\/oncomasaje.com\/wp-content\/uploads\/2026\/02\/ApoyoMedulaOseaSupino-1.mp4\" type=\"video\/mp4\">\n  <\/video>\n<\/div>\n\n<script>\ndocument.addEventListener(\"DOMContentLoaded\", function () {\n  document.querySelectorAll(\".btn-pass\").forEach(function (btn) {\n    btn.addEventListener(\"click\", function () {\n      const wrapper = this.closest(\".login-video\");\n      const input = wrapper.querySelector(\".pass-input\").value;\n      const videoZone = wrapper.nextElementSibling;\n      const correct = \"Lucero26\";\n\n      if (input === correct) {\n        wrapper.style.display = \"none\";\n        videoZone.style.display = \"block\";\n      } else {\n        alert(\"Contrase\u00f1a incorrecta\");\n      }\n    });\n  });\n});\n<\/script>\n\n<\/div>\n\n\n\n<div class=\"wp-block-column is-vertically-aligned-center is-layout-flow wp-container-core-column-is-layout-224f25fd wp-block-column-is-layout-flow\" style=\"padding-left:var(--wp--preset--spacing--x-small);flex-basis:68%\">\n<p class=\"has-text-align-center\"><strong><mark style=\"background-color:rgba(0, 0, 0, 0)\" class=\"has-inline-color has-primary-color\">Apoyo medula \u00f3sea supino<\/mark><\/strong><\/p>\n<\/div>\n<\/div>\n\n\n\n<div class=\"wp-block-columns has-background-background-color has-background is-layout-flex wp-container-core-columns-is-layout-cf5e99a5 wp-block-columns-is-layout-flex\" style=\"border-radius:5px;padding-top:var(--wp--preset--spacing--x-large);padding-right:var(--wp--preset--spacing--medium);padding-bottom:var(--wp--preset--spacing--x-large);padding-left:var(--wp--preset--spacing--medium)\">\n<div class=\"wp-block-column is-vertically-aligned-center is-layout-flow wp-block-column-is-layout-flow\" style=\"flex-basis:32%\">\n<div class=\"login-video\">\n  <p>Acceso privado<\/p>\n  <input type=\"password\" class=\"pass-input\" placeholder=\"Contrase\u00f1a\">\n  <button class=\"btn-pass\">Entrar<\/button>\n<\/div>\n\n<div class=\"video-zone\" style=\"display:none;\">\n  <h3>Video privado<\/h3>\n  <video controls width=\"100%\">\n    <source src=\"https:\/\/oncomasaje.com\/wp-content\/uploads\/2026\/02\/TecniaEspalda-1.mp4\" type=\"video\/mp4\">\n  <\/video>\n<\/div>\n\n<script>\ndocument.addEventListener(\"DOMContentLoaded\", function () {\n  document.querySelectorAll(\".btn-pass\").forEach(function (btn) {\n    btn.addEventListener(\"click\", function () {\n      const wrapper = this.closest(\".login-video\");\n      const input = wrapper.querySelector(\".pass-input\").value;\n      const videoZone = wrapper.nextElementSibling;\n      const correct = \"Lucero26\";\n\n      if (input === correct) {\n        wrapper.style.display = \"none\";\n        videoZone.style.display = \"block\";\n      } else {\n        alert(\"Contrase\u00f1a incorrecta\");\n      }\n    });\n  });\n});\n<\/script>\n\n<\/div>\n\n\n\n<div class=\"wp-block-column is-vertically-aligned-center is-layout-flow wp-container-core-column-is-layout-224f25fd wp-block-column-is-layout-flow\" style=\"padding-left:var(--wp--preset--spacing--x-small);flex-basis:68%\">\n<p class=\"has-text-align-center\"><strong><mark style=\"background-color:rgba(0, 0, 0, 0)\" class=\"has-inline-color has-primary-color\">T\u00e9cnica espalda<\/mark><\/strong><\/p>\n<\/div>\n<\/div>\n<\/div>\n<\/div>\n<\/div>\n","protected":false},"excerpt":{"rendered":"<p>T\u00e9cnicas Acceso privado Entrar Video privado Locionado piernas Acceso privado Entrar Video privado Apoyo de medula \u00f3sea prono Acceso privado Entrar Video privado T\u00e9cnica brazos Acceso privado Entrar Video privado T\u00e9cnica media espalda Acceso privado Entrar Video privado T\u00e9cnica 1 piernas Acceso privado Entrar Video privado T\u00e9cnica 2 piernas Acceso privado Entrar Video privado Apoyo [&hellip;]<\/p>\n","protected":false},"author":1,"featured_media":0,"parent":0,"menu_order":0,"comment_status":"closed","ping_status":"closed","template":"","meta":{"footnotes":""},"class_list":["post-406","page","type-page","status-publish","hentry"],"_links":{"self":[{"href":"https:\/\/oncomasaje.com\/index.php?rest_route=\/wp\/v2\/pages\/406","targetHints":{"allow":["GET"]}}],"collection":[{"href":"https:\/\/oncomasaje.com\/index.php?rest_route=\/wp\/v2\/pages"}],"about":[{"href":"https:\/\/oncomasaje.com\/index.php?rest_route=\/wp\/v2\/types\/page"}],"author":[{"embeddable":true,"href":"https:\/\/oncomasaje.com\/index.php?rest_route=\/wp\/v2\/users\/1"}],"replies":[{"embeddable":true,"href":"https:\/\/oncomasaje.com\/index.php?rest_route=%2Fwp%2Fv2%2Fcomments&post=406"}],"version-history":[{"count":12,"href":"https:\/\/oncomasaje.com\/index.php?rest_route=\/wp\/v2\/pages\/406\/revisions"}],"predecessor-version":[{"id":438,"href":"https:\/\/oncomasaje.com\/index.php?rest_route=\/wp\/v2\/pages\/406\/revisions\/438"}],"wp:attachment":[{"href":"https:\/\/oncomasaje.com\/index.php?rest_route=%2Fwp%2Fv2%2Fmedia&parent=406"}],"curies":[{"name":"wp","href":"https:\/\/api.w.org\/{rel}","templated":true}]}}