{"id":179,"date":"2025-01-24T19:33:08","date_gmt":"2025-01-24T22:33:08","guid":{"rendered":"https:\/\/oncomasaje.com\/?page_id=179"},"modified":"2026-01-28T19:43:21","modified_gmt":"2026-01-28T22:43:21","slug":"curso-de-masoterapia-oncologica","status":"publish","type":"page","link":"https:\/\/oncomasaje.com\/?page_id=179","title":{"rendered":"Curso Hibrido  de oncomasajista"},"content":{"rendered":"\n<p><strong>Dictado por:<\/strong> A uxiliar de Fisioterapia y Mtpa yT.M.O.S Lucero Sandra <\/p>\n\n\n\n<p><strong>Dirigido a:<\/strong> Profesionales de la Salud y Est\u00e9tica <\/p>\n\n\n\n<p>Introduccion de Masaje Para Pacientes con c\u00e1ncer :<\/p>\n\n\n\n<p>Los &nbsp;Masajes a Pacientes con c\u00e1ncer o Artritis,artrosis,reuma Etc &nbsp;es una adaptaci\u00f3n de las t\u00e9cnicas y habilidades del masaje para considerar los cambios m\u00e9dicos y biol\u00f3gicos que experimentan los pacientes con c\u00e1ncer y otras enfermedades limitantes de la vida. &nbsp;Todos pueden y deben ser tocados con un masaje especifico, &nbsp;ESPECIALMENTE&nbsp; las &nbsp;personas con C\u00e1ncer y Patolog\u00edas complejas, gener\u00e1ndoles un Bienestar.Un minuto de masaje seguro son 24 hs de bienestar para un paciente delicado. La diferencia con un \u201cmasaje\u201d es que no tiene un objetivo curativo,ni que modifique su condici\u00f3n, esta orientado a personas muy d\u00e9biles y fr\u00e1giles, donde el terapeuta acompa\u00f1a al paciente en este recorrido. Novedad mundial \u2013Tacto Seguro \u2013Tacto Compasivo \u2013 Tacto Suave (actua sobre receptores del tacto suave, no hay profundidad en esta t\u00e9cnica, ni movilizaci\u00f3n). Las Publicaciones cient\u00edficase estan &nbsp;a disposici\u00f3n en nuestra Pagina y son las que utilizan en todo el mundo los Profesionales dedicados a esta t\u00e9cnica, ya que un Grupo de Medicos estuvieron 10 a\u00f1os Investigando algo&nbsp; positivo para los pacientes sufrientes y fr\u00e1giles como : Neurologos,Oncologos,Inmunologos y psic\u00f3logos y SUMARON AL&nbsp; MASAJISTA, para que pueda acompa\u00f1ar en este recorrido de dolor al paciente y sumarle el \u00fanico bienestar a su tratamiento y trabajar en forma Multidisciplinaria en sanatorios o en gabinete y en forma Voluntaria en hospitales . En este Curso se ense\u00f1a&nbsp; a Respetar el lugar de cada Profesional sin hacer Intrusismo, por el cual El Medico Diagnostica y le da el tratamiento, la enfermera le da su medicaci\u00f3n y dedicacion , el kinesi\u00f3logo rehabilita y el masajista acompa\u00f1a \u2026&nbsp;<\/p>\n\n\n\n<p><\/p>\n\n\n\n<h2 class=\"wp-block-heading\">Curso hibrido<\/h2>\n\n\n\n<p><\/p>\n\n\n\n<p>Online &#8211; Teor\u00eda \/ Pr\u00e1cticas Presenciales<\/p>\n\n\n\n<h3 class=\"wp-block-heading\">D\u00eda 1: Online (4 horas )<\/h3>\n\n\n\n<p>\u2026&nbsp;&nbsp;<\/p>\n\n\n\n<ul class=\"wp-block-list\">\n<li>Qu\u00e9 es la Masoterapia Oncol\u00f3gica<\/li>\n\n\n\n<li>Oncog\u00e9nesis<\/li>\n\n\n\n<li>Epigen\u00e9tica<\/li>\n\n\n\n<li>Psiconeuroinmunolog\u00eda<\/li>\n<\/ul>\n\n\n\n<h3 class=\"wp-block-heading\">D\u00eda 2: Online (4 horas )<\/h3>\n\n\n\n<p><strong>Rese\u00f1a de T\u00e9cnica e Investigacion Medica<\/strong><\/p>\n\n\n\n<p><strong>-Trabajo Multidisciplinario \u2013 Como &nbsp;Actuar con Responsabilidad y Sin Intrusismo Profesional -Rol del Masajista trabajando en equipo en sanatorio Voluntario en Hospital \u2013Normas \u2013Desempe\u00f1o y funci\u00f3n \u00fanica y principal \u2013&nbsp; L\u00edmites Profesionales (Lo que NO debe hacer) \u2013Definici\u00f3n del Rol Profesional -Relaci\u00f3n Interdisciplinaria &#8211; C\u00f3digo \u00c9tico y Profesional &#8211; \u00c1mbito de Acci\u00f3n<\/strong><\/p>\n\n\n\n<ul class=\"wp-block-list\">\n<li>Cirug\u00eda<\/li>\n\n\n\n<li>Radioterapia<\/li>\n\n\n\n<li>Quimioterapia<\/li>\n<\/ul>\n\n\n\n<h3 class=\"wp-block-heading\">D\u00eda 3: Online (4 horas)<\/h3>\n\n\n\n<ul class=\"wp-block-list\">\n<li>Toma de Historia y Empat\u00eda<\/li>\n\n\n\n<li>Sistema Linf\u00e1tico<\/li>\n\n\n\n<li>Linfedema<\/li>\n\n\n\n<li>Se\u00f1ales de Stop<\/li>\n\n\n\n<li>Fascia<\/li>\n<\/ul>\n\n\n\n<h3 class=\"wp-block-heading\">Sesi\u00f3n Presencial<\/h3>\n\n\n\n<p><strong>Horario:<\/strong> 9:30 hs a 13 hs y de 14 hs a 17 hs<\/p>\n\n\n\n<p><strong>Ubicaciones disponibles:<\/strong><\/p>\n\n\n\n<ul class=\"wp-block-list\">\n<li>On Line Internacional<\/li>\n\n\n\n<li>Berazategui, Provincia de Buenos Aires, Argentina<\/li>\n\n\n\n<li>Ciudad de M\u00e9xico, M\u00e9xico<\/li>\n\n\n\n<li>Quer\u00e9taro, M\u00e9xico<\/li>\n<\/ul>\n\n\n\n<h3 class=\"wp-block-heading\">T\u00e9cnicas a aprender:<\/h3>\n\n\n\n<ul class=\"wp-block-list\">\n<li>Locionado<\/li>\n\n\n\n<li>T\u00e9cnica de Piernas 1 (Prono y Supino)<\/li>\n\n\n\n<li>T\u00e9cnica de Piernas 2 (Prono y Supino)<\/li>\n\n\n\n<li>T\u00e9cnica de Brazos<\/li>\n\n\n\n<li>T\u00e9cnica de Hombro y Lateral<\/li>\n\n\n\n<li>T\u00e9cnica de Apoyo a la M\u00e9dula \u00d3sea (Supino)<\/li>\n\n\n\n<li>T\u00e9cnica de Apoyo a la M\u00e9dula \u00d3sea (Prono)<\/li>\n\n\n\n<li>Estudio de Casos<\/li>\n\n\n\n<li>Examen Te\u00f3rico<\/li>\n\n\n\n<li>Entrega de Certificados<\/li>\n<\/ul>\n\n\n\n<h3 class=\"wp-block-heading\">Notas importantes:<\/h3>\n\n\n\n<ul class=\"wp-block-list\">\n<li>Se enviar\u00e1 C\u00f3digo de \u00c9tica junto con el certificado<\/li>\n\n\n\n<li>El certificado habilita \u00daNICAMENTE para trabajo en gabinete<\/li>\n\n\n\n<li>El masoterap\u00e9uta oncol\u00f3gico NO puede dictar o transmitir el curso<\/li>\n\n\n\n<li>Quedar\u00e1 registrado en la p\u00e1gina de ONCOMASAJE con QR<\/li>\n<\/ul>\n\n\n\n<h3 class=\"wp-block-heading\">Contactos:<\/h3>\n\n\n\n<ul class=\"wp-block-list\">\n<li>Argentina: +54 9 11 3672-9495<\/li>\n\n\n\n<li>Argentina +549 11 3669 7747<\/li>\n\n\n\n<li>Ciudad de M\u00e9xico: +52 551 871-4507<\/li>\n\n\n\n<li>Quer\u00e9taro (M\u00e9xico): +52 442 126-8096<\/li>\n<\/ul>\n\n\n\n<hr class=\"wp-block-separator has-alpha-channel-opacity\" style=\"margin-top:var(--wp--preset--spacing--medium);margin-bottom:var(--wp--preset--spacing--medium)\"\/>\n\n\n\n<div class=\"wp-block-buttons is-content-justification-center is-layout-flex wp-container-core-buttons-is-layout-a89b3969 wp-block-buttons-is-layout-flex\">\n<div class=\"wp-block-button\"><a class=\"wp-block-button__link wp-element-button\" href=\"https:\/\/docs.google.com\/forms\/d\/e\/1FAIpQLSf86AbC95wzPYT1lpxrsAJwCKMo3h1AYyP0vF6ffojixCm7Rg\/viewform\" target=\"_blank\" rel=\"noreferrer noopener\">Inscribirme<\/a><\/div>\n<\/div>\n","protected":false},"excerpt":{"rendered":"<p>Dictado por: A uxiliar de Fisioterapia y Mtpa yT.M.O.S Lucero Sandra Dirigido a: Profesionales de la Salud y Est\u00e9tica Introduccion de Masaje Para Pacientes con c\u00e1ncer : Los &nbsp;Masajes a Pacientes con c\u00e1ncer o Artritis,artrosis,reuma Etc &nbsp;es una adaptaci\u00f3n de las t\u00e9cnicas y habilidades del masaje para considerar los cambios m\u00e9dicos y biol\u00f3gicos que experimentan [&hellip;]<\/p>\n","protected":false},"author":1,"featured_media":0,"parent":0,"menu_order":0,"comment_status":"closed","ping_status":"closed","template":"","meta":{"footnotes":""},"class_list":["post-179","page","type-page","status-publish","hentry"],"_links":{"self":[{"href":"https:\/\/oncomasaje.com\/index.php?rest_route=\/wp\/v2\/pages\/179","targetHints":{"allow":["GET"]}}],"collection":[{"href":"https:\/\/oncomasaje.com\/index.php?rest_route=\/wp\/v2\/pages"}],"about":[{"href":"https:\/\/oncomasaje.com\/index.php?rest_route=\/wp\/v2\/types\/page"}],"author":[{"embeddable":true,"href":"https:\/\/oncomasaje.com\/index.php?rest_route=\/wp\/v2\/users\/1"}],"replies":[{"embeddable":true,"href":"https:\/\/oncomasaje.com\/index.php?rest_route=%2Fwp%2Fv2%2Fcomments&post=179"}],"version-history":[{"count":8,"href":"https:\/\/oncomasaje.com\/index.php?rest_route=\/wp\/v2\/pages\/179\/revisions"}],"predecessor-version":[{"id":405,"href":"https:\/\/oncomasaje.com\/index.php?rest_route=\/wp\/v2\/pages\/179\/revisions\/405"}],"wp:attachment":[{"href":"https:\/\/oncomasaje.com\/index.php?rest_route=%2Fwp%2Fv2%2Fmedia&parent=179"}],"curies":[{"name":"wp","href":"https:\/\/api.w.org\/{rel}","templated":true}]}}